{"id":260,"date":"2018-07-18T07:47:13","date_gmt":"2018-07-18T07:47:13","guid":{"rendered":"http:\/\/editorial.tulibrodefp.es\/?page_id=260"},"modified":"2026-03-27T16:45:03","modified_gmt":"2026-03-27T15:45:03","slug":"nosotros","status":"publish","type":"page","link":"https:\/\/www.editorialtulibro.es\/tulibrobachillerato\/nosotros\/","title":{"rendered":"Nosotros"},"content":{"rendered":"<p>[vc_row][vc_column width=\u00bb3\/4&#8243; css=\u00bb.vc_custom_1535014192891{padding-top: 20px !important;}\u00bb][vc_custom_heading text=\u00bbTuLibrodeFP, editorial creada en el a\u00f1o 2012, comprometida con precios bajos\u00bb font_container=\u00bbtag:h2|font_size:20|text_align:center|color:%23009640&#8243; use_theme_fonts=\u00bbyes\u00bb css=\u00bb.vc_custom_1554894598650{padding-bottom: 5px !important;}\u00bb][vc_custom_heading text=\u00bbHemos alcanzado una cifra de ventas de m\u00e1s de 70.000 libros de texto en 2025&#8243; font_container=\u00bbtag:h4|text_align:center|color:%235b5b5b\u00bb google_fonts=\u00bbfont_family:Open%20Sans%3A300%2C300italic%2Cregular%2Citalic%2C600%2C600italic%2C700%2C700italic%2C800%2C800italic|font_style:400%20regular%3A400%3Anormal\u00bb el_id=\u00bbno-may\u00bb css=\u00bb.vc_custom_1774626089193{margin-bottom: 25px !important;}\u00bb][vc_row_inner css=\u00bb.vc_custom_1536078253140{margin-top: 50px !important;}\u00bb][vc_column_inner width=\u00bb1\/2&#8243;][vc_raw_html]JTNDaWZyYW1lJTIwd2lkdGglM0QlMjIzMzYlMjIlMjBoZWlnaHQlM0QlMjIxOTAlMjIlMjBzcmMlM0QlMjJodHRwcyUzQSUyRiUyRnd3dy55b3V0dWJlLmNvbSUyRmVtYmVkJTJGVzJ3QUtvbEhwWlklMjIlMjB0aXRsZSUzRCUyMllvdVR1YmUlMjB2aWRlbyUyMHBsYXllciUyMiUyMGZyYW1lYm9yZGVyJTNEJTIyMCUyMiUyMGFsbG93JTNEJTIyYWNjZWxlcm9tZXRlciUzQiUyMGF1dG9wbGF5JTNCJTIwY2xpcGJvYXJkLXdyaXRlJTNCJTIwZW5jcnlwdGVkLW1lZGlhJTNCJTIwZ3lyb3Njb3BlJTNCJTIwcGljdHVyZS1pbi1waWN0dXJlJTIyJTIwYWxsb3dmdWxsc2NyZWVuJTNFJTNDJTJGaWZyYW1lJTNF[\/vc_raw_html][\/vc_column_inner][vc_column_inner width=\u00bb1\/2&#8243;][vc_column_text css=\u00bb.vc_custom_1774626296850{margin-bottom: 20px !important;padding-top: 10px !important;}\u00bb]<\/p>\n<p style=\"text-align: justify;\">TulibroBachillerato es una marca de TuLibrodeFP, una editorial de creaci\u00f3n en el a\u00f1o 2012 que ha conseguido en tres a\u00f1os alcanzar una cifra de ventas de m\u00e1s de 70.000 libros de texto en 2025. <strong>Son ya m\u00e1s de 1000<\/strong> centros de toda Espa\u00f1a con m\u00e1s de 2500 profesores, quienes siguen alguno de nuestros libros de FP, Bachillerato y ESO<\/p>\n<p>[\/vc_column_text][vc_column_text]<\/p>\n<p style=\"text-align: justify;\">Nuestros precios consideran la\u00a0<strong>situaci\u00f3n econ\u00f3mica del alumnado<\/strong>, por lo que lo abaratamos el m\u00e1ximo posible, siempre manteniendo el nivel de calidad de impresi\u00f3n. Vendemos directamente a los alumnos, sin distribuidores o librer\u00edas que aumenten el precio de los libros.<\/p>\n<p>[\/vc_column_text][\/vc_column_inner][\/vc_row_inner][vc_row_inner][vc_column_inner][vc_column_text]<\/p>\n<p style=\"text-align: justify;\"><strong>Somos innovadores<\/strong>\u00a0en educaci\u00f3n. Hemos apostado por los videojuegos educativos como material enriquecedor del libro de texto y fruto de ello es el\u00a0<strong>videojuego FolPlanet<\/strong> para el m\u00f3dulo de IPE I, donde se puede jugar y aprender los contenidos de Derecho Laboral y Prevenci\u00f3n de Riesgos Laborales.<\/p>\n<p style=\"text-align: justify;\">Ofrecemos la posibilidad a los docentes de FP y Bachillerato de <strong>autopublicar sus propios libros <\/strong>de texto a unos precios muy econ\u00f3micos, lo que permite crear unos materiales m\u00e1s pr\u00e1cticos y adaptados a la realidad del aula, lo que mejora en definitiva la calidad de las clases y de la ense\u00f1anza.<\/p>\n<p>[\/vc_column_text][\/vc_column_inner][\/vc_row_inner][vc_row_inner equal_height=\u00bbyes\u00bb][vc_column_inner][vc_column_text]<\/p>\n<p style=\"text-align: justify;\">TuLibrodeFP nace en 2012 con la misi\u00f3n de facilitar la publicaci\u00f3n y personalizaci\u00f3n de los libros de texto elaborados por los propios profesores a un precio asequible para los alumnos y para el profesorado.<\/p>\n<p style=\"text-align: justify;\">Nuestra visi\u00f3n es ser el referente de publicaciones de materiales de ense\u00f1anza elaborados por los docentes de FP y Bachillerato, tanto en libros en papel como en libros digitales.<\/p>\n<p>[\/vc_column_text][\/vc_column_inner][\/vc_row_inner][vc_row_inner equal_height=\u00bbyes\u00bb][vc_column_inner][vc_custom_heading text=\u00bbNUESTROS VALORES\u00bb font_container=\u00bbtag:h2|font_size:20|text_align:center|color:%23009640&#8243; use_theme_fonts=\u00bbyes\u00bb css=\u00bb.vc_custom_1554894623788{padding-bottom: 5px !important;}\u00bb][vc_column_text]<\/p>\n<p style=\"text-align: justify;\">Los valores en que nos sustentamos son:<\/p>\n<p style=\"text-align: justify;\">\u2022 Facilitar el ejercicio y desarrollo de la libertad de c\u00e1tedra de los docentes, permitiendo a trav\u00e9s de nuestro servicio de publicaciones que cada docente de FP pueda crear libros de texto acordes a su perspectiva de la ense\u00f1anza y sus clases.<\/p>\n<p style=\"text-align: justify;\">\u2022 Abaratar el coste de los libros de texto para el alumnado, en especial en los momentos de crisis econ\u00f3mica que atravesamos.<\/p>\n<p style=\"text-align: justify;\">\u2022 Ofrecer soporte al profesorado a trav\u00e9s de materiales complementarios.<\/p>\n<p style=\"text-align: justify;\">\u2022 Innovaci\u00f3n constante de nuestros materiales, tanto en su actualizaci\u00f3n de contenidos como en la realidad de las nuevas TICs en el aula.<\/p>\n<p style=\"text-align: justify;\">\u2022 Trabajo en equipo de todos los empleados, todos aportan valor con su trabajo en la empresa y su participaci\u00f3n e implicaci\u00f3n es la base de nuestro proyecto.<\/p>\n<p style=\"text-align: justify;\">\u2022 Cumplimiento de la legislaci\u00f3n laboral en cuanto contrataci\u00f3n, salarios y derechos laborales de todos los trabajadores; no cabe trabajar en B.<\/p>\n<p style=\"text-align: justify;\">\u2022 Desde nuestros inicios colaboramos con las escuelas de Guatemala y Nicaragua a trav\u00e9s de una donaci\u00f3n anual a la ONGD \u201cEscoles Solidaries\u201d, nuestras escuelas necesitan recursos pero hay otras que lo necesitan m\u00e1s.<\/p>\n<p style=\"text-align: justify;\">Fruto de este compromiso, en el \u00faltimo a\u00f1o 2025 hemos donado la cantidad de 3.000\u20ac en 10 becas para que alumnos de las escuelas de Secundaria de Guatemala del Ixcan puedan proseguir sus estudios y no abandonarla por necesidades econ\u00f3micas.<\/p>\n<p>[\/vc_column_text][\/vc_column_inner][\/vc_row_inner][\/vc_column][vc_column width=\u00bb1\/4&#8243;][vc_widget_sidebar sidebar_id=\u00bbcs-3&#8243;][\/vc_column][\/vc_row]<\/p>","protected":false},"excerpt":{"rendered":"<p>[vc_row][vc_column width=\u00bb3\/4&#8243; css=\u00bb.vc_custom_1535014192891{padding-top: 20px !important;}\u00bb][vc_custom_heading text=\u00bbTuLibrodeFP, editorial creada en el a\u00f1o 2012, comprometida con precios bajos\u00bb font_container=\u00bbtag:h2|font_size:20|text_align:center|color:%23009640&#8243; use_theme_fonts=\u00bbyes\u00bb css=\u00bb.vc_custom_1554894598650{padding-bottom: 5px !important;}\u00bb][vc_custom_heading text=\u00bbHemos alcanzado una cifra de ventas de m\u00e1s de 70.000 libros de texto en 2025&#8243; font_container=\u00bbtag:h4|text_align:center|color:%235b5b5b\u00bb google_fonts=\u00bbfont_family:Open%20Sans%3A300%2C300italic%2Cregular%2Citalic%2C600%2C600italic%2C700%2C700italic%2C800%2C800italic|font_style:400%20regular%3A400%3Anormal\u00bb el_id=\u00bbno-may\u00bb css=\u00bb.vc_custom_1774626089193{margin-bottom: 25px !important;}\u00bb][vc_row_inner css=\u00bb.vc_custom_1536078253140{margin-top: 50px !important;}\u00bb][vc_column_inner width=\u00bb1\/2&#8243;][vc_raw_html]JTNDaWZyYW1lJTIwd2lkdGglM0QlMjIzMzYlMjIlMjBoZWlnaHQlM0QlMjIxOTAlMjIlMjBzcmMlM0QlMjJodHRwcyUzQSUyRiUyRnd3dy55b3V0dWJlLmNvbSUyRmVtYmVkJTJGVzJ3QUtvbEhwWlklMjIlMjB0aXRsZSUzRCUyMllvdVR1YmUlMjB2aWRlbyUyMHBsYXllciUyMiUyMGZyYW1lYm9yZGVyJTNEJTIyMCUyMiUyMGFsbG93JTNEJTIyYWNjZWxlcm9tZXRlciUzQiUyMGF1dG9wbGF5JTNCJTIwY2xpcGJvYXJkLXdyaXRlJTNCJTIwZW5jcnlwdGVkLW1lZGlhJTNCJTIwZ3lyb3Njb3BlJTNCJTIwcGljdHVyZS1pbi1waWN0dXJlJTIyJTIwYWxsb3dmdWxsc2NyZWVuJTNFJTNDJTJGaWZyYW1lJTNF[\/vc_raw_html][\/vc_column_inner][vc_column_inner width=\u00bb1\/2&#8243;][vc_column_text css=\u00bb.vc_custom_1774626296850{margin-bottom: 20px !important;padding-top: 10px !important;}\u00bb] TulibroBachillerato es una [&hellip;]<\/p>","protected":false},"author":1,"featured_media":263,"parent":0,"menu_order":0,"comment_status":"closed","ping_status":"closed","template":"","meta":[],"_links":{"self":[{"href":"https:\/\/www.editorialtulibro.es\/tulibrobachillerato\/wp-json\/wp\/v2\/pages\/260"}],"collection":[{"href":"https:\/\/www.editorialtulibro.es\/tulibrobachillerato\/wp-json\/wp\/v2\/pages"}],"about":[{"href":"https:\/\/www.editorialtulibro.es\/tulibrobachillerato\/wp-json\/wp\/v2\/types\/page"}],"author":[{"embeddable":true,"href":"https:\/\/www.editorialtulibro.es\/tulibrobachillerato\/wp-json\/wp\/v2\/users\/1"}],"replies":[{"embeddable":true,"href":"https:\/\/www.editorialtulibro.es\/tulibrobachillerato\/wp-json\/wp\/v2\/comments?post=260"}],"version-history":[{"count":0,"href":"https:\/\/www.editorialtulibro.es\/tulibrobachillerato\/wp-json\/wp\/v2\/pages\/260\/revisions"}],"wp:featuredmedia":[{"embeddable":true,"href":"https:\/\/www.editorialtulibro.es\/tulibrobachillerato\/wp-json\/wp\/v2\/media\/263"}],"wp:attachment":[{"href":"https:\/\/www.editorialtulibro.es\/tulibrobachillerato\/wp-json\/wp\/v2\/media?parent=260"}],"curies":[{"name":"wp","href":"https:\/\/api.w.org\/{rel}","templated":true}]}}