{"id":405,"date":"2018-08-22T16:08:58","date_gmt":"2018-08-22T16:08:58","guid":{"rendered":"http:\/\/editorial.tulibrodefp.es\/?page_id=405"},"modified":"2018-08-22T16:08:58","modified_gmt":"2018-08-22T16:08:58","slug":"proteccion-de-datos","status":"publish","type":"page","link":"https:\/\/www.editorialtulibro.es\/tulibrodefp\/proteccion-de-datos\/","title":{"rendered":"Protecci\u00f3n de datos"},"content":{"rendered":"<p>[vc_row][vc_column width=\u00bb3\/4&#8243;][vc_column_text]<\/p>\n<h3>Protecci\u00f3n de datos<\/h3>\n<p style=\"text-align: justify\">Los datos proporcionados por los usuarios ser\u00e1n incorporados a un fichero de datos de car\u00e1cter personal titularidad de la editorial TuLibrodeFP, SLU debidamente inscrito en la Agencia de Protecci\u00f3n de Datos con n \u00ba 2131550470, con la finalidad de garantizar un correcto proceso del servicio de atenci\u00f3n a docentes que se inscriban como usarios registrados y remitirles la oportuna informaci\u00f3n de la editorial, as\u00ed como, en su caso, de las transacciones realizadas y la correspondiente facturaci\u00f3n a los autores y autores colaboradores con los que contrate la editorial.<\/p>\n<p style=\"text-align: justify\">El usuario presta su consentimiento expreso e inequ\u00edvoco para el tratamiento de los datos recogidos con la finalidad prevista en el p\u00e1rrafo anterior. Asimismo usted presta su consentimiento para que los datos de entrega de los productos sean comunicados a las empresas de mensajer\u00eda con las que trabaja la editorial, a fin de poder remitirle los libros. El usuario queda igualmente informado sobre la posibilidad de ejercer los derechos de acceso, rectificaci\u00f3n, cancelaci\u00f3n y oposici\u00f3n, reconocidos por el ordenamiento en la siguiente direcci\u00f3n de correo electr\u00f3nico administracion@tulibrofp.es.<\/p>\n<p style=\"text-align: justify\">La editorial garantiza que se han adaptado las medidas oportunas de seguridad en sus instalaciones, sistemas y ficheros. Asimismo, se garantiza la confidencialidad de los datos personales y que no van a ser utilizados para finalidades distintas a las indicadas. Para notificaciones y solicitudes sobre los derechos de protecci\u00f3n de datos deben realizarse en el domicilio Av. Ausias Marc, 38. Alboraya (Valencia).<\/p>\n<p>[\/vc_column_text][\/vc_column][vc_column width=\u00bb1\/4&#8243;][vc_widget_sidebar sidebar_id=\u00bbcs-3&#8243;][\/vc_column][\/vc_row]<\/p>","protected":false},"excerpt":{"rendered":"<p>[vc_row][vc_column width=\u00bb3\/4&#8243;][vc_column_text] Protecci\u00f3n de datos Los datos proporcionados por los usuarios ser\u00e1n incorporados a un fichero de datos de car\u00e1cter personal titularidad de la editorial TuLibrodeFP, SLU debidamente inscrito en la Agencia de Protecci\u00f3n de Datos con n \u00ba 2131550470, con la finalidad de garantizar un correcto proceso del servicio de atenci\u00f3n a docentes que [&hellip;]<\/p>","protected":false},"author":1,"featured_media":0,"parent":0,"menu_order":0,"comment_status":"closed","ping_status":"open","template":"","meta":[],"_links":{"self":[{"href":"https:\/\/www.editorialtulibro.es\/tulibrodefp\/wp-json\/wp\/v2\/pages\/405"}],"collection":[{"href":"https:\/\/www.editorialtulibro.es\/tulibrodefp\/wp-json\/wp\/v2\/pages"}],"about":[{"href":"https:\/\/www.editorialtulibro.es\/tulibrodefp\/wp-json\/wp\/v2\/types\/page"}],"author":[{"embeddable":true,"href":"https:\/\/www.editorialtulibro.es\/tulibrodefp\/wp-json\/wp\/v2\/users\/1"}],"replies":[{"embeddable":true,"href":"https:\/\/www.editorialtulibro.es\/tulibrodefp\/wp-json\/wp\/v2\/comments?post=405"}],"version-history":[{"count":0,"href":"https:\/\/www.editorialtulibro.es\/tulibrodefp\/wp-json\/wp\/v2\/pages\/405\/revisions"}],"wp:attachment":[{"href":"https:\/\/www.editorialtulibro.es\/tulibrodefp\/wp-json\/wp\/v2\/media?parent=405"}],"curies":[{"name":"wp","href":"https:\/\/api.w.org\/{rel}","templated":true}]}}