{"id":408,"date":"2018-08-22T16:22:48","date_gmt":"2018-08-22T16:22:48","guid":{"rendered":"http:\/\/editorial.tulibrodefp.es\/?page_id=408"},"modified":"2020-07-06T12:08:08","modified_gmt":"2020-07-06T10:08:08","slug":"condiciones-generales-contratacion-servicios-editoriales","status":"publish","type":"page","link":"https:\/\/www.editorialtulibro.es\/tulibrodefp\/condiciones-generales-contratacion-servicios-editoriales\/","title":{"rendered":"CONDICIONES GENERALES DE CONTRATACI\u00d3N DE SERVICIOS EDITORIALES PARA DOCENTES"},"content":{"rendered":"<p>[vc_row][vc_column width=\u00bb3\/4&#8243;][vc_row_inner][vc_column_inner][vc_btn title=\u00bb22 Preguntas frecuentes para publicaciones docentes\u00bb color=\u00bbprimary\u00bb link=\u00bburl:http%3A%2F%2Fwww.tulibrodefp.es%2Fwp-content%2Fuploads%2F2018%2F12%2F22-preguntas-frecuentes-publicaci%C3%B3n-profesores-enero-18.pdf||target:%20_blank|\u00bb el_id=\u00bbpreg\u00bb][\/vc_column_inner][\/vc_row_inner][vc_column_text]<\/p>\n<h3>CONDICIONES GENERALES DE CONTRATACI\u00d3N DE SERVICIOS EDITORIALES PARA DOCENTES<\/h3>\n<p>&nbsp;<\/p>\n<h4 style=\"text-align: justify;\">1. ACEPTACI\u00d3N CONDICIONES GENERALES DE CONTRATACI\u00d3N<\/h4>\n<p style=\"text-align: justify;\">Los usuarios deber\u00e1n leer las presentes Condiciones Generales de Contrataci\u00f3n de Servicios Editoriales para Docentes. El uso y acceso a esta p\u00e1gina web implica el conocimiento y la plena aceptaci\u00f3n de las advertencias legales y condiciones que a continuaci\u00f3n se detallan. La editorial se reserva el derecho a modificar las pol\u00edticas de uso y condiciones de contrataci\u00f3n del presente acuerdo por iniciativa propia, sin necesidad de previo aviso al usuario, entrando en vigor dichas condiciones desde el momento de su publicaci\u00f3n en la web. La aceptaci\u00f3n del presente aviso legal supone la creaci\u00f3n de un acuerdo legal con efectos vinculantes entre la editorial y el usuario que debe ser plena no permiti\u00e9ndose las aceptaciones condicionadas. Al utilizar este sitio web usted acepta los t\u00e9rminos y condiciones que a continuaci\u00f3n se establecen, as\u00ed como que dispone de capacidad legal para celebrar y responder por el siguiente contrato.<\/p>\n<h4>2. SERVICIOS EDITORIALES PARA DOCENTES<\/h4>\n<p style=\"text-align: justify;\">TuLibrodeFP, SLU, ofrece a trav\u00e9s de la presente web una serie de servicios editoriales a docentes encaminados a facilitar la publicaci\u00f3n y personalizaci\u00f3n de libros de texto y otros materiales did\u00e1cticos que se empleen en el aula. Los servicios editoriales se organizan en 3 Packs Editoriales de cara a ofrecer un servicio integrado editorial en funci\u00f3n de las necesidades e intereses de los docentes que vienen a ser: Pack ISBN PDF, Pack ISBN Papel, y Pack Mejores libros de FP. Los docentes podr\u00e1n elegir entre cualquiera de los packs, as\u00ed como partiendo de uno de ellos contratar alg\u00fan servicio espec\u00edfico perteneciente a otro pack de mayor nivel.<\/p>\n<h4>3. PACK ISBN PDF<\/h4>\n<p style=\"text-align: justify;\">Este Pack va dirigido a aquellos profesores de FP que quieren publicar sus materiales para obtener un ISBN v\u00e1lido como publicaci\u00f3n en un baremo de m\u00e9ritos, a trav\u00e9s de una maquetaci\u00f3n b\u00e1sica y una obtenci\u00f3n de la publicaci\u00f3n en PDF que se desarrolla en los siguientes<br \/>\napartados.<\/p>\n<p style=\"text-align: justify;\">3.1. El autor\/a entregar\u00e1 en un documento word o en PDF su obra, que ser\u00e1 de un m\u00ednimo de 50 p\u00e1ginas y de un m\u00e1ximo de 250 p\u00e1ginas. La obra podr\u00e1 incluir de forma gratuita p\u00e1ginas con tablas, cuadros e ilustraciones que no conlleven por su dificultad un trabajo de retoque o maquetaci\u00f3n especial, suponiendo en su caso un coste de 2,5\u20ac+IVA por p\u00e1gina, y de 1\u20ac+ IVA si fuera maquetaci\u00f3n de solo texto. El autor ser\u00e1 informado, a partir del boceto entregado, de Condiciones generales de contrataci\u00f3n packs servicios editoriales aquellas p\u00e1ginas que podr\u00edan requerir este trabajo de maquetaci\u00f3n especial. El autor\/a seguir\u00e1<br \/>\nunas reglas de tama\u00f1o de letra, de interlineado y separaci\u00f3n entre p\u00e1rrafos, de manera que se pueda presentar la obra con un tama\u00f1o y separaciones habituales de una obra divulgativa. La letra ser\u00e1 Arial 12, el interlineado de 1 y medio, y la separaci\u00f3n entre p\u00e1rrafos posterior de 6 puntos, todo en un documento de word. Los t\u00edtulos y subt\u00edtulos ir\u00e1n resaltados en negrita. Los m\u00e1rgenes superior, inferior, izquierdo y derecho ser\u00e1n de un m\u00ednimo de 2\u20195 cm, siendo sim\u00e9tricos a ambos lados.<\/p>\n<p style=\"text-align: justify;\">3.2. En este pack el libro se proteger\u00e1 mediante contrase\u00f1a, la cual ser\u00e1 precisa para la apertura del documento PDF, y que ser\u00e1 entregada al autor. El documento podr\u00e1 imprimirse pero no editarlo, copiarlo o modificarlo.<\/p>\n<p style=\"text-align: justify;\">3.3. La portada ser\u00e1 b\u00e1sica preestablecida por la editorial, pudiendo el autor\/a incorporar una fotograf\u00eda o ilustraci\u00f3n de autor\u00eda propia. El autor podr\u00e1 incorporar asimismo portadas para cada<br \/>\nuna de las unidades did\u00e1cticas que componen el libro.<\/p>\n<p style=\"text-align: justify;\">3.4. La editorial se encargar\u00e1 de la gesti\u00f3n del ISBN, y en el momento en que sea obligatorio, de la gesti\u00f3n del Dep\u00f3sito Legal del PDF protegido.<\/p>\n<p style=\"text-align: justify;\">3.5. El autor\/a recibir\u00e1 como remuneraci\u00f3n un 10% del precio de venta sin IVA de los ejemplares vendidos. A dicha cantidad se le retendr\u00e1 el IRFP correspondiente, siendo en 2016 del 15%. La liquidaci\u00f3n de los derechos de autor se producir\u00e1 en dos veces en el curso acad\u00e9mico, siendo la primera el 1 de enero respecto a las ventas de septiembre a diciembre interiores, ambos meses incluidos, y la segunda el 1 de septiembre por las ventas entre enero y agosto anteriores, ambos meses incluidos.<\/p>\n<p style=\"text-align: justify;\">3.6. El libro se publicar\u00e1 en la librer\u00eda online de la editorial para su venta, y en aquellas otras librer\u00edas on line con las que la editorial llegue a un acuerdo para su distribuci\u00f3n y venta a trav\u00e9s<br \/>\nde las mismas.<\/p>\n<p style=\"text-align: justify;\">3.7. La editorial fijar\u00e1 el precio de venta en funci\u00f3n de distintas variables del coste de elaboraci\u00f3n del mismo: n\u00famero de p\u00e1ginas, maquetaci\u00f3n, etc, as\u00ed como demanda posible del mismo.<\/p>\n<p style=\"text-align: justify;\">3.8. El precio de los servicios del pack ISBN es de 75\u20ac + IVA. De forma previa al encargo de los servicios, el autor\/a dispondr\u00e1 de una prueba de maquetaci\u00f3n entre 10 y 15 p\u00e1ginas elegidas por el autor\/a que ser\u00e1 remitida en PDF por la editorial y donde se le informar\u00e1 de los posibles costes por la maquetaci\u00f3n adicional que requiera la obra si no es realizada por el propio autor. Una vez aceptada la prueba de maquetaci\u00f3n y los posibles costes adicionales el autor\/a abonar\u00e1 los servicios del pack ISBN para continuar con los trabajos de publicaci\u00f3n de la obra. Asimismo, el autor\/a deber\u00e1 firmar el contrato de cesi\u00f3n de derechos de autor previo a la continuaci\u00f3n de los trabajos de maquetaci\u00f3n. Este contrato ser\u00e1 remitido por la editorial por correo certificado a trav\u00e9s del servicio de Correos e incluir\u00e1 dos copias, una de las cuales ser\u00e1 devuelta firmada por el autor\/a a la editorial para poder proseguir con los trabajos de maquetaci\u00f3n. Una vez abonados los servicios de publicaci\u00f3n y firmado el contrato de cesi\u00f3n de derechos, se remitir\u00e1 el PDF protegido al autor junto con la contrase\u00f1a de apertura y se pondr\u00e1 a la venta en la librer\u00eda online.<\/p>\n<p style=\"text-align: justify;\">3.9. El autor\/a es responsable de los contenidos e im\u00e1genes contenidos en la obra, de forma que dichos contenidos han de proceder de una elaboraci\u00f3n propia del autor\/a y no suponer plagio, copia o descarga de otras obras protegidas por el derecho de autor. En este sentido, se recuerda que el derecho a descargar para uso privado informaci\u00f3n o im\u00e1genes de la red no equivale a tener derecho a realizar un uso comercial de las mismas a trav\u00e9s de la publicaci\u00f3n de una obra. Las responsabilidades solidarias que puedan exigirse a la editorial por vulneraci\u00f3n de lo anteriormente se\u00f1alado dar\u00e1 lugar a un derecho de resarcimiento por la editorial contra los<br \/>\nautores de los da\u00f1os econ\u00f3micos ocasionados a la editorial por dicha vulneraci\u00f3n.<\/p>\n<p>&nbsp;<\/p>\n<h4>4. PACK ISBN PAPEL<\/h4>\n<p style=\"text-align: justify;\">Este Pack va dirigido a aquellos profesores de FP que quieren publicar sus materiales para obtener un ISBN v\u00e1lido como publicaci\u00f3n en un baremo de m\u00e9ritos, a trav\u00e9s de una maquetaci\u00f3n b\u00e1sica y una impresi\u00f3n en papel que se desarrolla en los siguientes apartados.<\/p>\n<p style=\"text-align: justify;\">4.1. El autor\/a entregar\u00e1 en un documento word o en PDF de su obra, que ser\u00e1 de un m\u00ednimo de 50 p\u00e1ginas y de un m\u00e1ximo de 250 p\u00e1ginas. La obra podr\u00e1 incluir de forma gratuita p\u00e1ginas con tablas, cuadros e ilustraciones que no conlleven por su dificultad un trabajo de retoque o<br \/>\nmaquetaci\u00f3n especial, suponiendo en su caso un coste de 2,5\u20ac +IVA por p\u00e1gina, y de 1\u20ac +IVA si fuera maquetaci\u00f3n de solo texto. El autor ser\u00e1 informado, a partir del boceto entregado, de aquellas p\u00e1ginas que podr\u00edan requerir este trabajo de maquetaci\u00f3n especial. El autor\/a seguir\u00e1 unas reglas de tama\u00f1o de letra, de interlineado y separaci\u00f3n entre p\u00e1rrafos, de manera que se pueda presentar la obra con un tama\u00f1o y separaciones habituales de una obra divulgativa. La letra ser\u00e1 Arial 12, el interlineado de 1 y medio, y la separaci\u00f3n entre p\u00e1rrafos posterior de 6 puntos, todo en un documento de word. Los t\u00edtulos y subt\u00edtulos ir\u00e1n resaltados en negrita. Los m\u00e1rgenes superior, inferior, izquierdo y derecho ser\u00e1n de un m\u00ednimo de 2\u20195 cm, siendo sim\u00e9tricos<br \/>\na ambos lados.<\/p>\n<p style=\"text-align: justify;\">4.2. En este pack el libro se imprimir\u00e1 en blanco y negro. En el caso de que el autor\/a desee una impresi\u00f3n en color, asumir\u00e1 el coste de la impresi\u00f3n digital en color de los ejemplares entregados<br \/>\nal dep\u00f3sito legal y al autor\/a. La tirada m\u00ednima del libro en papel ser\u00e1 de 20 ejemplares, corriendo el autor con los gastos de impresi\u00f3n de 16 ejemplares de la tirada m\u00ednima, siendo los 4 libros entregados al dep\u00f3sito legal y al autor a cargo de la editorial. El precio medio de impresi\u00f3n de cada libro est\u00e1 entre 4 y 6\u20ac si es en blanco y negro y entre 12 y 18\u20ac para libros en color. Los 16<br \/>\nejemplares quedar\u00e1n en dep\u00f3sito en la editorial para su venta y su coste ser\u00e1 devuelto, junto con los derechos de autor, conforme se vayan produciendo las ventas. De forma complementaria, la editorial podr\u00e1 realizar un pedido adicional de ejemplares por mayores ventas que se puedan producir en la web, a cargo de la propia editorial, as\u00ed como el autor podr\u00e1 solicitar m\u00e1s ejemplares<br \/>\npara su uso personal a su cargo al precio de venta del libro.<\/p>\n<p style=\"text-align: justify;\">4.3. La encuadernaci\u00f3n ser\u00e1 r\u00fastica, sin solapas, encuadernado en fresado, o en caso necesario en cosido. El tama\u00f1o del papel ser\u00e1 de 210 x 297 mm. La portada ser\u00e1 b\u00e1sica preestablecida por la editorial, pudiendo el autor\/a incorporar una fotograf\u00eda o ilustraci\u00f3n de autor\u00eda propia. El autor podr\u00e1 incorporar asimismo portadas para cada una de las unidades did\u00e1cticas que componen el libro.<\/p>\n<p style=\"text-align: justify;\">4.4. La editorial se encargar\u00e1 de la gesti\u00f3n del ISBN y del Dep\u00f3sito Legal, entregando las muestras necesarias en el mismo. Actualmente son 2 libros de texto en el Dep\u00f3sito Legal.<\/p>\n<p style=\"text-align: justify;\">4.5. El autor\/a recibir\u00e1 2 ejemplares de la obra en concepto de remuneraci\u00f3n por la posible venta de ejemplares, m\u00e1s un 10% del precio de venta sin IVA de los ejemplares vendidos. Junto con los derechos de autor, se devolver\u00e1n los costes de impresi\u00f3n de los libros dejados en dep\u00f3sito de la tirada inicial que se hayan vendido en dicho periodo de liquidaci\u00f3n. A los derechos de autor se le retendr\u00e1 el IRPF correspondiente, siendo desde 2016 del 15%. La liquidaci\u00f3n de los derechos de autor se producir\u00e1 en dos veces en el curso acad\u00e9mico, siendo la primera el 1 de enero respecto<br \/>\na las ventas de septiembre a diciembre anteriores, ambos meses incluidos, y la segunda el 1 de septiembre por las ventas entre enero y agosto anteriores, ambos meses incluidos.<\/p>\n<p style=\"text-align: justify;\">4.6. El libro se publicar\u00e1 en la librer\u00eda online de la editorial para su venta, y en aquellas otras librer\u00edas online con las que la editorial llegue a un acuerdo para su distribuci\u00f3n y venta a trav\u00e9s de las mismas. En este pack, el autor y la editorial podr\u00e1n acordar la promoci\u00f3n de la obra a otros centros de FP, asumiendo los gastos de la promoci\u00f3n el 50% cada una de las partes. La concreci\u00f3n de estos servicios de promoci\u00f3n se realizar\u00e1 de mutuo acuerdo entre el autor y la editorial.<\/p>\n<p style=\"text-align: justify;\">4.7. En este pack, tras la tirada inicial, la reimpresi\u00f3n se realizar\u00e1 seg\u00fan la demanda de libros solicitados por los clientes que deseen adquirirlos a trav\u00e9s de la tienda online. El libro se enviar\u00e1 por correo certificado al domicilio del cliente o, en su caso, en un punto de entrega a determinar. La editorial fijar\u00e1 el precio de venta en funci\u00f3n de distintas variables del coste del mismo: n\u00famero de p\u00e1ginas, en color o en blanco y negro, maquetaci\u00f3n, gastos de env\u00edo, etc.<\/p>\n<p style=\"text-align: justify;\">4.8. El precio de los servicios del pack ISBN es de 121\u20ac. De forma previa al encargo de los servicios, el autor\/a dispondr\u00e1 de una prueba de maquetaci\u00f3n entre 10 y 15 p\u00e1ginas elegidas por el autor\/a que ser\u00e1 remitida en PDF por la editorial y donde se le informar\u00e1 de los posibles costes por la maquetaci\u00f3n adicional que requiera la obra si no es realizada por el propio autor. Una vez aceptada la prueba de maquetaci\u00f3n y los posibles costes adicionales el autor\/a abonar\u00e1 los servicios del pack ISBN para continuar con los trabajos de publicaci\u00f3n de la obra. Asimismo, el autor\/a deber\u00e1 firmar el contrato de cesi\u00f3n de derechos de autor previo a la continuaci\u00f3n de los trabajos de maquetaci\u00f3n. Este contrato ser\u00e1 remitido por la editorial por correo certificado a trav\u00e9s del servicio de Correos e incluir\u00e1 dos copias, una de las cuales ser\u00e1 devuelta firmada por el autor\/a a la editorial para poder proseguir con los trabajos de maquetaci\u00f3n.<\/p>\n<p style=\"text-align: justify;\">4.9. El autor\/a es responsable de los contenidos e im\u00e1genes contenidos en la obra, de forma que dichos contenidos han de proceder de una elaboraci\u00f3n propia del autor\/a y no suponer plagio, copia o descarga de otras obras protegidas por el derecho de autor. En este sentido, se recuerda que el derecho a descargar para uso privado informaci\u00f3n o im\u00e1genes de la red no equivale a tener derecho a realizar un uso comercial de las mismas a trav\u00e9s de la publicaci\u00f3n de una obra. Las responsabilidades solidarias que puedan exigirse a la editorial por vulneraci\u00f3n de lo anteriormente se\u00f1alado dar\u00e1 lugar a un derecho de resarcimiento por la editorial contra los autores de los da\u00f1os econ\u00f3micos ocasionados a la editorial por dicha vulneraci\u00f3n.<\/p>\n<h4>5. PACK MEJORES LIBROS DE FP.<\/h4>\n<p style=\"text-align: justify;\">Este pack va dirigido a los profesores de FP que quieren publicar un libro de un m\u00f3dulo completo con la calidad necesaria para su venta en centros de FP. La editorial se reserva la valoraci\u00f3n y juicio de la obra para que est\u00e9 incluida dentro de este pack a partir de los bocetos entregados.<\/p>\n<p style=\"text-align: justify;\">5.1. El autor\/a entregar\u00e1 en un documento word su obra, que ser\u00e1 entre 100 y 300 p\u00e1ginas. La obra podr\u00e1 incluir p\u00e1ginas con tablas, cuadros, ilustraciones y fotos. El autor\/a seguir\u00e1 unas reglas de tama\u00f1o de letra, de interlineado y separaci\u00f3n entre p\u00e1rrafos, de manera que se pueda presentar la obra con un tama\u00f1o y separaciones normales de una obra divulgativa. La letra ser\u00e1 Arial 12, el interlineado de 1 y medio, y separaci\u00f3n entre p\u00e1rrafos posterior de 6 puntos, todo en un documento de word. Los t\u00edtulos y subt\u00edtulos ir\u00e1n resaltados en negrita. Los m\u00e1rgenes ser\u00e1n de un m\u00ednimo de 2 cm, siendo sim\u00e9tricos a ambos lados.<\/p>\n<p style=\"text-align: justify;\">5.2. En este pack el libro podr\u00e1 imprimirse en blanco y negro o bien en color, a elecci\u00f3n del autor\/a. Asimismo, podr\u00e1 incorporar la cantidad de p\u00e1ginas con ilustraciones, fotos, tablas o cuadros que considere oportuno.<\/p>\n<p style=\"text-align: justify;\">5.3. La encuadernaci\u00f3n ser\u00e1 r\u00fastica, sin solapas, encuadernado en fresado o cosido. El tama\u00f1o del papel ser\u00e1 210&#215;297 mm.<\/p>\n<p style=\"text-align: justify;\">5.4. La editorial se encargar\u00e1 de la gesti\u00f3n del ISBN y del dep\u00f3sito legal, entregando las muestras necesarias en el mismo. Actualmente son 2 libros en el Dep\u00f3sito Legal.<\/p>\n<p style=\"text-align: justify;\">5.5. El autor recibir\u00e1 2 ejemplares en su domicilio como parte fija de su retribuci\u00f3n como derechos de autor.<\/p>\n<p style=\"text-align: justify;\">5.6. En este pack la impresi\u00f3n se realizar\u00e1 a trav\u00e9s de una tirada m\u00ednima de 50 ejemplares y sucesivas bajo demanda, por los ejemplares que soliciten los clientes o el propio autor\/a a trav\u00e9s de la tienda online de la editorial, o bien a trav\u00e9s de aquellas otras librer\u00edas online con las que la editorial llegue a un acuerdo para su distribuci\u00f3n y venta a trav\u00e9s de las mismas. El autor\/a podr\u00e1 adquirir directamente para su uso personal toda o parte de la tirada inicial, sea de 50 o mayor a 50, abonando el precio de venta de los ejemplares.<\/p>\n<p style=\"text-align: justify;\">5.7. El libro se enviar\u00e1 por correo certificado al domicilio del cliente o, en su caso, en un punto de recogida a determinar. La editorial fijar\u00e1 el precio de venta en funci\u00f3n de distintas variables del<br \/>\ncoste del mismo: n\u00famero de p\u00e1ginas, en color o en blanco y negro, maquetaci\u00f3n, gastos de env\u00edo, etc.<\/p>\n<p style=\"text-align: justify;\">5.8. El precio de los servicios del Pack Mejores libros de FP ser\u00e1 gratuito para el autor. Para ello deber\u00e1 entregar el archivo del libro del libro en formato Indesign, para lo cual se le informar\u00e1 de c\u00f3mo descargarse la prueba gratuita de 1 mes de dicho programa. En caso de que el autor desee que la editorial realice los trabajos de maquetaci\u00f3n, se abonar\u00e1n al precio habitual de 1\u20ac por p\u00e1gina con solo texto o de 2,5\u20ac por p\u00e1gina con tablas, ilustraciones, gr\u00e1ficos, im\u00e1genes, etc, m\u00e1s el IVA correspondiente. De forma previa al encargo de los servicios, el autor\/a dispondr\u00e1 de una prueba de maquetaci\u00f3n 10 y 15 p\u00e1ginas elegidas por el autor\/a que ser\u00e1 remitida en PDF por la editorial y donde se le informar\u00e1 de los posibles costes por la maquetaci\u00f3n adicional que requiera la obra si no es realizada por el propio autor. Una vez aceptada la prueba de maquetaci\u00f3n y de<br \/>\nlos posibles costes adicionales por maquetaci\u00f3n, el autor\/a abonar\u00e1 dichos costes para continuar con los trabajos de publicaci\u00f3n de la obra. Asimismo, el autor\/a deber\u00e1 firmar el contrato de cesi\u00f3n de derechos de autor previo a la continuaci\u00f3n de los trabajos de maquetaci\u00f3n. Este contrato ser\u00e1 remitido por la editorial por correo certificado a trav\u00e9s del servicio de Correos e incluir\u00e1 dos copias, una de las cuales ser\u00e1 devuelta firmada por el autor\/a a la editorial para poder proseguir con los trabajos de maquetaci\u00f3n.<\/p>\n<p style=\"text-align: justify;\">5.9. El pack Mejores libros de FP incluye la promoci\u00f3n de la obra en otros centros de FP, gestionando estos servicios la editorial y haci\u00e9ndose cargo de los mismos. Dichos servicios consisten en la promoci\u00f3n a trav\u00e9s de entrega de libros en los centros de FP as\u00ed como de mailing y llamadas telef\u00f3nicas para contactar con la profesores encargados de impartir dicho m\u00f3dulo. La concreci\u00f3n de estos servicios se realizar\u00e1 de mutuo acuerdo entre el autor y la editorial.<\/p>\n<p style=\"text-align: justify;\">5.10. Los derechos de autor van desde el 10% al 15% de precio de venta del libro, excluido IVA, de forma creciente seg\u00fan el n\u00famero de ventas. Al inicio ser\u00e1 del 10%, pasando a partir de 300 ejemplares al 12% y a partir de 1.000 al 15%. La liquidaci\u00f3n de los derechos de autor se<br \/>\nproducir\u00e1 en dos veces en el curso acad\u00e9mico, siendo la primera el 1 de enero respecto a las ventas de septiembre a diciembre anteriores, ambos meses incluidos, y la segunda el 1 de septiembre por las ventas entre enero y agosto anteriores, ambos meses incluidos. La retribuci\u00f3n de los derechos de autor conllevar\u00e1 la retenci\u00f3n del IRPF que marque la normativa legal en su<br \/>\nmomento, siendo desde 2016 del 15%. En la fijaci\u00f3n del n\u00famero de ventas para el abono de los derechos de autor quedan excluidos los dos ejemplares entregados al autor\/a, los ejemplares enviados al dep\u00f3sito legal y a los centros de FP para su promoci\u00f3n, as\u00ed como aquellos que adquiera directamente el autor\/a.<\/p>\n<p style=\"text-align: justify;\">5.11. El autor\/a es responsable de los contenidos e im\u00e1genes contenidos en la obra, de forma que dichos contenidos han de proceder de una elaboraci\u00f3n propia del autor\/a y no suponer plagio, copia o descarga de otras obras protegidas por el derecho de autor. En este sentido, se<br \/>\nrecuerda que el derecho a descargar para uso privado informaci\u00f3n o im\u00e1genes de la red no equivale a tener derecho a realizar un uso comercial de las mismas a trav\u00e9s de la publicaci\u00f3n de una obra. Las responsabilidades solidarias que puedan exigirse a la editorial por vulneraci\u00f3n de lo anteriormente se\u00f1alado dar\u00e1 lugar a un derecho de resarcimiento por la editorial contra los autores de los da\u00f1os econ\u00f3micos ocasionados a la editorial por dicha vulneraci\u00f3n.<\/p>\n<p>[\/vc_column_text][\/vc_column][vc_column width=\u00bb1\/4&#8243;][vc_widget_sidebar sidebar_id=\u00bbcs-3&#8243;][\/vc_column][\/vc_row]<\/p>","protected":false},"excerpt":{"rendered":"<p>[vc_row][vc_column width=\u00bb3\/4&#8243;][vc_row_inner][vc_column_inner][vc_btn title=\u00bb22 Preguntas frecuentes para publicaciones docentes\u00bb color=\u00bbprimary\u00bb link=\u00bburl:http%3A%2F%2Fwww.tulibrodefp.es%2Fwp-content%2Fuploads%2F2018%2F12%2F22-preguntas-frecuentes-publicaci%C3%B3n-profesores-enero-18.pdf||target:%20_blank|\u00bb el_id=\u00bbpreg\u00bb][\/vc_column_inner][\/vc_row_inner][vc_column_text] CONDICIONES GENERALES DE CONTRATACI\u00d3N DE SERVICIOS EDITORIALES PARA DOCENTES &nbsp; 1. ACEPTACI\u00d3N CONDICIONES GENERALES DE CONTRATACI\u00d3N Los usuarios deber\u00e1n leer las presentes Condiciones Generales de Contrataci\u00f3n de Servicios Editoriales para Docentes. El uso y acceso a esta p\u00e1gina web implica el conocimiento y la [&hellip;]<\/p>","protected":false},"author":1,"featured_media":0,"parent":0,"menu_order":0,"comment_status":"closed","ping_status":"open","template":"","meta":[],"_links":{"self":[{"href":"https:\/\/www.editorialtulibro.es\/tulibrodefp\/wp-json\/wp\/v2\/pages\/408"}],"collection":[{"href":"https:\/\/www.editorialtulibro.es\/tulibrodefp\/wp-json\/wp\/v2\/pages"}],"about":[{"href":"https:\/\/www.editorialtulibro.es\/tulibrodefp\/wp-json\/wp\/v2\/types\/page"}],"author":[{"embeddable":true,"href":"https:\/\/www.editorialtulibro.es\/tulibrodefp\/wp-json\/wp\/v2\/users\/1"}],"replies":[{"embeddable":true,"href":"https:\/\/www.editorialtulibro.es\/tulibrodefp\/wp-json\/wp\/v2\/comments?post=408"}],"version-history":[{"count":0,"href":"https:\/\/www.editorialtulibro.es\/tulibrodefp\/wp-json\/wp\/v2\/pages\/408\/revisions"}],"wp:attachment":[{"href":"https:\/\/www.editorialtulibro.es\/tulibrodefp\/wp-json\/wp\/v2\/media?parent=408"}],"curies":[{"name":"wp","href":"https:\/\/api.w.org\/{rel}","templated":true}]}}