{"id":456,"date":"2018-08-23T17:32:30","date_gmt":"2018-08-23T17:32:30","guid":{"rendered":"http:\/\/editorial.tulibrodefp.es\/?page_id=456"},"modified":"2024-10-17T11:31:43","modified_gmt":"2024-10-17T09:31:43","slug":"libros-de-fol-eie-iaee-alumnos","status":"publish","type":"page","link":"https:\/\/www.editorialtulibro.es\/tulibrodefp\/libros-de-fol-eie-iaee-alumnos\/","title":{"rendered":"ALUMN@S"},"content":{"rendered":"<p>[vc_row full_width=\u00bbstretch_row_content\u00bb equal_height=\u00bbyes\u00bb][vc_column width=\u00bb1\/2&#8243; css=\u00bb.vc_custom_1535111584734{padding-top: 35px !important;}\u00bb][vc_custom_heading text=\u00bbLIBROS M\u00e1s Vendidos\u00bb font_container=\u00bbtag:h2|font_size:36|text_align:center|color:%238bbfd5&#8243; google_fonts=\u00bbfont_family:Amatic%20SC%3Aregular%2C700|font_style:700%20bold%20regular%3A700%3Anormal\u00bb][vc_separator border_width=\u00bb2&#8243; el_width=\u00bb20&#8243;][vc_row_inner][vc_column_inner width=\u00bb1\/4&#8243;][vc_single_image image=\u00bb1018840&#8243; img_size=\u00bbmedium\u00bb alignment=\u00bbcenter\u00bb el_class=\u00bbimagen-libro\u00bb][\/vc_column_inner][vc_column_inner width=\u00bb1\/4&#8243;][vc_column_text]<\/p>\n<h3 style=\"text-align: left;color: #0088c2\">FOLSAB 2023<\/h3>\n<p style=\"text-align: left;font-size: 12px\">Libro de texto de Formaci\u00f3n y Orientaci\u00f3n Laboral SB para los ciclos formativos de FP de grado medio y superior.<\/p>\n<h4 style=\"text-align: center;color: #fff;font-weight: bold;width: 42px;background: #f89d00;height: 42px;border-radius: 100px;padding-top: 10px;float: right\">14\u20ac<\/h4>\n<h4 style=\"text-align: center\"><\/h4>\n<p>[\/vc_column_text][\/vc_column_inner][vc_column_inner width=\u00bb1\/4&#8243;][vc_single_image image=\u00bb1018898&#8243; img_size=\u00bbmedium\u00bb alignment=\u00bbcenter\u00bb el_class=\u00bbimagen-libro\u00bb][\/vc_column_inner][vc_column_inner width=\u00bb1\/4&#8243;][vc_column_text]<\/p>\n<h3 style=\"text-align: left;color: #0088c2\">FOL\u00a0 2023<\/h3>\n<p>&nbsp;<\/p>\n<p style=\"text-align: left;font-size: 12px\">Libro de texto de Formaci\u00f3n y Orientaci\u00f3n Laboral\u00a0 para los ciclos formativos de FP de grado medio y superior.<\/p>\n<h4 style=\"text-align: center;color: #fff;font-weight: bold;width: 42px;background: #f89d00;height: 42px;border-radius: 100px;padding-top: 10px;float: right\">14\u20ac<\/h4>\n<h4 style=\"text-align: center\"><\/h4>\n<p>[\/vc_column_text][\/vc_column_inner][\/vc_row_inner][vc_row_inner][vc_column_inner width=\u00bb1\/2&#8243;][vc_btn title=\u00bbCOMPRAR\u00bb style=\u00bbflat\u00bb shape=\u00bbsquare\u00bb color=\u00bbwhite\u00bb align=\u00bbcenter\u00bb i_icon_fontawesome=\u00bb\u00bb button_block=\u00bbtrue\u00bb add_icon=\u00bbtrue\u00bb link=\u00bburl:https%3A%2F%2Flibreria.tulibrodefp.es%2Findex.php%3Fid_product%3D244%26controller%3Dproduct\u00bb el_class=\u00bbboton-comprar-T\u00bb][\/vc_column_inner][vc_column_inner width=\u00bb1\/2&#8243;][vc_btn title=\u00bbCOMPRAR\u00bb style=\u00bbflat\u00bb shape=\u00bbsquare\u00bb color=\u00bbwhite\u00bb align=\u00bbcenter\u00bb i_icon_fontawesome=\u00bb\u00bb button_block=\u00bbtrue\u00bb add_icon=\u00bbtrue\u00bb link=\u00bburl:https%3A%2F%2Flibreria.tulibrodefp.es%2Findex.php%3Fid_product%3D243%26controller%3Dproduct\u00bb el_class=\u00bbboton-comprar-T\u00bb][\/vc_column_inner][\/vc_row_inner][vc_row_inner][vc_column_inner css=\u00bb.vc_custom_1603701999219{background-color: #8bbfd5 !important;}\u00bb][vc_custom_heading text=\u00bbtienda online\u00bb font_container=\u00bbtag:h2|font_size:36|text_align:center|color:%23ffffff\u00bb google_fonts=\u00bbfont_family:Amatic%20SC%3Aregular%2C700|font_style:700%20bold%20regular%3A700%3Anormal\u00bb][vc_column_text]<\/p>\n<p style=\"text-align: center\"><span style=\"color: #ffffff\">Accede a nuestra tienda online para comprar los libros que necesitas durante el curso.<\/span><\/p>\n<p>[\/vc_column_text][vc_custom_heading text=\u00bb\u00bfC\u00f3mo se compra?\u00bb font_container=\u00bbtag:h2|font_size:36px|text_align:center|color:%23ffffff\u00bb google_fonts=\u00bbfont_family:Amatic%20SC%3Aregular%2C700|font_style:700%20bold%20regular%3A700%3Anormal\u00bb css=\u00bb.vc_custom_1535110764014{padding-bottom: 24px !important;}\u00bb][vc_column_text]<\/p>\n<h5 style=\"text-align: center\"><span style=\"color: #ffffff\">1. Selecciona el libro que necesitas.<\/span><\/h5>\n<p>[\/vc_column_text][vc_column_text]<\/p>\n<h5 style=\"text-align: center\"><span style=\"color: #ffffff\">2. Introduce los datos de registro cuando<br \/>\nselecciones pagar el pedido.<\/span><\/h5>\n<p>[\/vc_column_text][vc_column_text]<\/p>\n<h5 style=\"text-align: center\"><span style=\"color: #ffffff\">3. Elige la forma de env\u00edo.<\/span><\/h5>\n<p style=\"text-align: center\"><span style=\"color: #ffffff;padding-left: 20px;font-size: 12px\"><strong>Correos<\/strong> con un coste de 5,5\u20ac y entrega en 4 &#8211; 5 d\u00edas h\u00e1biles.<\/span><br \/>\n<span style=\"color: #ffffff;padding-left: 20px;;font-size: 12px\"><strong>MRW<\/strong> con un coste de 6\u20ac y entrega en 1 &#8211; 2 d\u00edas h\u00e1biles. <\/span>[\/vc_column_text][vc_column_text]<\/p>\n<h5 style=\"text-align: center\"><span style=\"color: #f9ff00\">Los gastos de env\u00edo son <strong>GRATIS<\/strong> a partir de <strong>35\u20ac <\/strong>con <strong>CORREOS<\/strong>.<\/span><\/h5>\n<p>[\/vc_column_text][vc_custom_heading text=\u00bbAh\u00f3rrate los gastos de env\u00edo comprando junto con tuS compa\u00f1er@s!!!\u00bb font_container=\u00bbtag:h4|text_align:center|color:%23ffffff\u00bb use_theme_fonts=\u00bbyes\u00bb el_class=\u00bbnegrita\u00bb][vc_column_text css=\u00bb.vc_custom_1536144494828{padding-top: 20px !important;}\u00bb]<\/p>\n<h5 style=\"text-align: center\"><span style=\"color: #ffffff\">4. Elige la forma de pago.<\/span><\/h5>\n<p style=\"text-align: center\"><span style=\"color: #ffffff;padding-left: 20px;;font-size: 12px\">Tarjeta de cr\u00e9dito o transferencia bancaria.<\/span><\/p>\n<p>[\/vc_column_text][vc_btn title=\u00bbIR A LA TIENDA ONLINE\u00bb style=\u00bbflat\u00bb shape=\u00bbsquare\u00bb color=\u00bbwhite\u00bb align=\u00bbcenter\u00bb link=\u00bburl:http%3A%2F%2Flibreria.tulibrodefp.es||target:%20_blank|\u00bb el_class=\u00bbboton-tienda\u00bb][\/vc_column_inner][\/vc_row_inner][\/vc_column][vc_column width=\u00bb1\/2&#8243; css=\u00bb.vc_custom_1603702112430{background-color: #ffffff !important;}\u00bb][vc_column_text]  <div>\n    <div class=\"login-tabs-wrapper\" style=\"padding: 0 15px;\">\n      <h2 style=\"font-size: 36px;color: #8bbfd5;text-align: center;font-family:Amatic SC;font-weight:700;font-style:normal\" class=\"vc_custom_heading vc_custom_1603704694568\">Login<\/h2>\n      <form name=\"loginform\" id=\"loginform\" action=\"https:\/\/www.editorialtulibro.es\/tulibrodefp\/wp-login.php\" method=\"post\"><input id=\"learndash-login-form\" type=\"hidden\" name=\"learndash-login-form\" value=\"bafbde89eb\" \/><p class=\"login-username\">\n\t\t\t\t<label for=\"user\">Email Address<\/label>\n\t\t\t\t<input type=\"text\" name=\"log\" id=\"user\" autocomplete=\"username\" class=\"input\" value=\"\" size=\"20\" \/>\n\t\t\t<\/p><p class=\"login-password\">\n\t\t\t\t<label for=\"pass\">Contrase\u00f1a<\/label>\n\t\t\t\t<input type=\"password\" name=\"pwd\" id=\"pass\" autocomplete=\"current-password\" spellcheck=\"false\" class=\"input\" value=\"\" size=\"20\" \/>\n\t\t\t<\/p><p class=\"login-remember\"><label><input name=\"rememberme\" type=\"checkbox\" id=\"rememberme\" value=\"forever\" \/> Recu\u00e9rdame<\/label><\/p><p class=\"login-submit\">\n\t\t\t\t<input type=\"submit\" name=\"wp-submit\" id=\"wp-submit\" class=\"button button-primary\" value=\"Acceder\" \/>\n\t\t\t\t<input type=\"hidden\" name=\"redirect_to\" value=\"\/materiales\/\" \/>\n\t\t\t<\/p><\/form>\n             <a href=\"https:\/\/www.editorialtulibro.es\/tulibrodefp\/wp-login.php?action=lostpassword\" class=\"password-lost\"><span class=\"may\">\u00bfOlvid\u00f3 la contrase\u00f1a?<\/span> Solo si has actualizado tu usuario<\/a>\n\n            <\/div>\n      <\/div>\n[\/vc_column_text][vc_custom_heading text=\u00bbReg\u00edstrate en el aula digital\u00bb font_container=\u00bbtag:h2|font_size:36|text_align:center|color:%238bbfd5&#8243; google_fonts=\u00bbfont_family:Amatic%20SC%3Aregular%2C700|font_style:700%20bold%20regular%3A700%3Anormal\u00bb css=\u00bb.vc_custom_1729157465047{padding-top: 40px !important;}\u00bb el_class=\u00bbd-none\u00bb]\n<div class=\"wpcf7 no-js\" id=\"wpcf7-f81951-o1\" lang=\"es-ES\" dir=\"ltr\">\n<div class=\"screen-reader-response\"><p role=\"status\" aria-live=\"polite\" aria-atomic=\"true\"><\/p> <ul><\/ul><\/div>\n<form action=\"\/tulibrodefp\/wp-json\/wp\/v2\/pages\/456#wpcf7-f81951-o1\" method=\"post\" class=\"wpcf7-form init form-registration\" aria-label=\"Formulario de contacto\" novalidate=\"novalidate\" data-status=\"init\">\n<div style=\"display: none;\">\n<input type=\"hidden\" name=\"_wpcf7\" value=\"81951\" \/>\n<input type=\"hidden\" name=\"_wpcf7_version\" value=\"5.7.5.1\" \/>\n<input type=\"hidden\" name=\"_wpcf7_locale\" value=\"es_ES\" \/>\n<input type=\"hidden\" name=\"_wpcf7_unit_tag\" value=\"wpcf7-f81951-o1\" \/>\n<input type=\"hidden\" name=\"_wpcf7_container_post\" value=\"0\" \/>\n<input type=\"hidden\" name=\"_wpcf7_posted_data_hash\" value=\"\" \/>\n<input type=\"hidden\" name=\"_wpcf7_recaptcha_response\" value=\"\" \/>\n<\/div>\n<div class=\"d-none\">\n\t<div class=\"row\">\n\t\t<div class=\"col-lg-6\">\n\t\t\t<p><label> Nombre (requerido)<br \/>\n<span class=\"wpcf7-form-control-wrap\" data-name=\"nombre\"><input size=\"40\" class=\"wpcf7-form-control wpcf7-text wpcf7-validates-as-required\" aria-required=\"true\" aria-invalid=\"false\" placeholder=\"Nombre\" value=\"\" type=\"text\" name=\"nombre\" \/><\/span> <\/label>\n\t\t\t<\/p>\n\t\t<\/div>\n\t\t<div class=\"col-lg-6\">\n\t\t\t<p><label> Apellidos (requerido)<br \/>\n<span class=\"wpcf7-form-control-wrap\" data-name=\"apellidos\"><input size=\"40\" class=\"wpcf7-form-control wpcf7-text wpcf7-validates-as-required\" aria-required=\"true\" aria-invalid=\"false\" placeholder=\"Apellidos\" value=\"\" type=\"text\" name=\"apellidos\" \/><\/span> <\/label>\n\t\t\t<\/p>\n\t\t<\/div>\n\t<\/div>\n\t<div class=\"row\">\n\t\t<div class=\"col-lg-4\">\n\t\t\t<p><label> Provincia (requerido)<br \/>\n<span class=\"wpcf7-form-control-wrap\" data-name=\"provincia\"><select class=\"wpcf7-form-control wpcf7-select js-provincia\" id=\"provincia\" aria-invalid=\"false\" name=\"provincia\"><option value=\"\">&#8212;Por favor, elige una opci\u00f3n&#8212;<\/option><option value=\"A Coru\u00f1a\">A Coru\u00f1a<\/option><option value=\"\u00c1lava\">\u00c1lava<\/option><option value=\"Albacete\">Albacete<\/option><option value=\"Alicante\">Alicante<\/option><option value=\"Almer\u00eda\">Almer\u00eda<\/option><option value=\"Asturias\">Asturias<\/option><option value=\"\u00c1vila\">\u00c1vila<\/option><option value=\"Badajoz\">Badajoz<\/option><option value=\"Baleares (Illes)\">Baleares (Illes)<\/option><option value=\"Barcelona\">Barcelona<\/option><option value=\"Burgos\">Burgos<\/option><option value=\"C\u00e1ceres\">C\u00e1ceres<\/option><option value=\"C\u00e1diz\">C\u00e1diz<\/option><option value=\"Cantabria\">Cantabria<\/option><option value=\"Castell\u00f3n\">Castell\u00f3n<\/option><option value=\"Ceuta\">Ceuta<\/option><option value=\"Ciudad Real\">Ciudad Real<\/option><option value=\"C\u00f3rdoba\">C\u00f3rdoba<\/option><option value=\"Cuenca\">Cuenca<\/option><option value=\"Girona\">Girona<\/option><option value=\"Granada\">Granada<\/option><option value=\"Guadalajara\">Guadalajara<\/option><option value=\"Guip\u00fazcoa\">Guip\u00fazcoa<\/option><option value=\"Huelva\">Huelva<\/option><option value=\"Huesca\">Huesca<\/option><option value=\"Ja\u00e9n\">Ja\u00e9n<\/option><option value=\"La Rioja\">La Rioja<\/option><option value=\"Las Palmas\">Las Palmas<\/option><option value=\"Le\u00f3n\">Le\u00f3n<\/option><option value=\"Lleida\">Lleida<\/option><option value=\"Lugo\">Lugo<\/option><option value=\"Madrid\">Madrid<\/option><option value=\"M\u00e1laga\">M\u00e1laga<\/option><option value=\"Melilla\">Melilla<\/option><option value=\"Murcia\">Murcia<\/option><option value=\"Navarra\">Navarra<\/option><option value=\"Ninguna\">Ninguna<\/option><option value=\"Ourense\">Ourense<\/option><option value=\"Palencia\">Palencia<\/option><option value=\"Pontevedra\">Pontevedra<\/option><option value=\"Salamanca\">Salamanca<\/option><option value=\"Santa Cruz de Tenerife\">Santa Cruz de Tenerife<\/option><option value=\"Segovia\">Segovia<\/option><option value=\"Sevilla\">Sevilla<\/option><option value=\"Soria\">Soria<\/option><option value=\"Tarragona\">Tarragona<\/option><option value=\"Teruel\">Teruel<\/option><option value=\"Toledo\">Toledo<\/option><option value=\"Valencia\">Valencia<\/option><option value=\"Valladolid\">Valladolid<\/option><option value=\"Vizcaya\">Vizcaya<\/option><option value=\"Zamora\">Zamora<\/option><option value=\"Zaragoza\">Zaragoza<\/option><\/select><\/span><\/label><br \/>\n\t\t\t<input class=\"wpcf7-form-control wpcf7-hidden valor_Provincia\" value=\"\" type=\"hidden\" name=\"laprovincia\" \/>\n\t\t\t<\/p>\n\t\t<\/div>\n\t\t<div class=\"col-lg-4\">\n\t\t\t<p><label> Localidad (requerido)<br \/>\n<span class=\"wpcf7-form-control-wrap\" data-name=\"localidad\"><select class=\"wpcf7-form-control wpcf7-select js-localidad\" id=\"localidad\" aria-invalid=\"false\" name=\"localidad\"><option value=\"\">&#8212;Por favor, elige una opci\u00f3n&#8212;<\/option><\/select><\/span> <\/label>\n\t\t\t<\/p>\n\t\t<\/div>\n\t\t<div class=\"col-lg-4\">\n\t\t\t<p><label> Centro (requerido)<br \/>\n<span class=\"wpcf7-form-control-wrap\" data-name=\"centro\"><select class=\"wpcf7-form-control wpcf7-select js-centro\" id=\"centro\" aria-invalid=\"false\" name=\"centro\"><option value=\"\">&#8212;Por favor, elige una opci\u00f3n&#8212;<\/option><\/select><\/span><\/label>\n\t\t\t<\/p>\n\t\t<\/div>\n\t<\/div><!-- del row 2-->\n\t<div class=\"row\">\n\t\t<div class=\"col-lg-6\">\n\t\t\t<p><label> Tu correo electr\u00f3nico (requerido)<br \/>\n<span class=\"wpcf7-form-control-wrap\" data-name=\"email\"><input size=\"40\" class=\"wpcf7-form-control wpcf7-text wpcf7-email wpcf7-validates-as-required wpcf7-validates-as-email\" aria-required=\"true\" aria-invalid=\"false\" placeholder=\"Correo electr\u00f3nico\" value=\"\" type=\"email\" name=\"email\" \/><\/span> <\/label>\n\t\t\t<\/p>\n\t\t<\/div>\n\t\t<div class=\"col-lg-6\">\n\t\t\t<p><label> C\u00f3digo de activaci\u00f3n (requerido)<br \/>\n<span class=\"wpcf7-form-control-wrap\" data-name=\"codigo_activacion\"><input size=\"40\" class=\"wpcf7-form-control wpcf7-text wpcf7-validates-as-required\" aria-required=\"true\" aria-invalid=\"false\" placeholder=\"C\u00f3digo de activaci\u00f3n\" value=\"\" type=\"text\" name=\"codigo_activacion\" \/><\/span> <\/label>\n\t\t\t<\/p>\n\t\t<\/div>\n\t<\/div>\n\t<div class=\"row\">\n\t\t<div class=\"col-lg-6\">\n\t\t\t<p><label> Password (requerido)<br \/>\n<span class=\"wpcf7-form-control-wrap\" data-name=\"password\"><input size=\"40\" class=\"wpcf7-form-control wpcf7-text wpcf7-password wpcf7-validates-as-required wpcf7-validates-as-password\" password_strength=\"0\" password_min=\"0\" aria-required=\"true\" aria-invalid=\"false\" placeholder=\"Password\" value=\"\" type=\"password\" name=\"password\" \/><\/span> <\/label><br \/>\n<span id=\"password-strength\"><\/span>\n\t\t\t<\/p>\n\t\t<\/div>\n\t\t<div class=\"col-lg-6\">\n\t\t\t<p><label> Confirma password (requerido)<br \/>\n<span class=\"wpcf7-form-control-wrap\" data-name=\"confirma_password\"><input size=\"40\" class=\"wpcf7-form-control wpcf7-text wpcf7-password wpcf7-validates-as-required wpcf7-validates-as-password\" password_strength=\"0\" password_min=\"0\" password_check=\"password\" aria-required=\"true\" aria-invalid=\"false\" placeholder=\"Confirma password\" value=\"\" type=\"password\" name=\"confirma_password\" \/><\/span> <\/label>\n\t\t\t<\/p>\n\t\t<\/div>\n\t<\/div>\n\t<div class=\"row\">\n\t\t<div class=\"col-lg-12\">\n\t\t<input class=\"wpcf7-form-control wpcf7-hidden\" value=\"\" type=\"hidden\" name=\"id_prof\" \/>\n\t\t<input class=\"wpcf7-form-control wpcf7-hidden centro_texto\" id=\"centro_texto\" value=\"\" type=\"hidden\" name=\"centro_texto\" \/>\n\t\t<\/div>\n\t<\/div>\n\t<div class=\"row\">\n\t\t<div class=\"col-lg-12\">\n\t\t\t<p><input class=\"wpcf7-form-control has-spinner wpcf7-submit check-password\" type=\"submit\" value=\"Enviar\" \/>\n\t\t\t<\/p>\n\t\t<\/div>\n\t<\/div>\n<\/div><div class=\"wpcf7-response-output\" aria-hidden=\"true\"><\/div>\n<\/form>\n<\/div>\n[\/vc_column][\/vc_row][vc_row full_width=\u00bbstretch_row_content_no_spaces\u00bb equal_height=\u00bbyes\u00bb][vc_column width=\u00bb1\/2&#8243; css=\u00bb.vc_custom_1535127705703{background-color: #8bbfd5 !important;}\u00bb][vc_custom_heading text=\u00bbFOLPLANET2&#8243; font_container=\u00bbtag:h2|font_size:36px|text_align:center|color:%23ffffff\u00bb google_fonts=\u00bbfont_family:Amatic%20SC%3Aregular%2C700|font_style:700%20bold%20regular%3A700%3Anormal\u00bb css=\u00bb.vc_custom_1535105908708{margin-bottom: 35px !important;}\u00bb][vc_column_text css=\u00bb.vc_custom_1535106572198{padding-top: 10px !important;padding-right: 50px !important;padding-bottom: 10px !important;padding-left: 50px !important;}\u00bb]<span style=\"color: #ffffff\">Aprende los contenidos m\u00e1s te\u00f3ricos de FOL de una forma amena y entretenida.<\/span><\/p>\n<p><span style=\"color: #ffffff\">Preguntas y respuestas m\u00faltiples en un contexto relacionado con el mundo laboral.<\/span><\/p>\n<p><span style=\"color: #ffffff\">Preguntas vinculadas a las unidades de la 1 a la 11 de derecho del trabajo y prevenci\u00f3n de riesgos del libro de FOL.<\/span>[\/vc_column_text][\/vc_column][vc_column width=\u00bb1\/2&#8243;][vc_single_image image=\u00bb258&#8243; img_size=\u00bbfull\u00bb alignment=\u00bbcenter\u00bb][vc_row_inner][vc_column_inner width=\u00bb1\/2&#8243;][vc_btn title=\u00bbACCEDE AL JUEGO\u00bb style=\u00bbflat\u00bb shape=\u00bbsquare\u00bb color=\u00bbwhite\u00bb align=\u00bbcenter\u00bb el_class=\u00bbboton-acceso\u00bb link=\u00bburl:http%3A%2F%2Ffolplanet2.folplanet.es||target:%20_blank|\u00bb][\/vc_column_inner][vc_column_inner width=\u00bb1\/2&#8243;][vc_btn title=\u00bbDUDAS SOBRE EL JUEGO\u00bb style=\u00bbflat\u00bb shape=\u00bbsquare\u00bb color=\u00bbwhite\u00bb align=\u00bbcenter\u00bb el_class=\u00bbboton-acceso\u00bb link=\u00bburl:http%3A%2F%2Fwww.tulibrodefp.es%2Fcontacto-folplanet%2F||target:%20_blank|\u00bb][\/vc_column_inner][\/vc_row_inner][\/vc_column][\/vc_row][vc_row full_width=\u00bbstretch_row_content\u00bb equal_height=\u00bbyes\u00bb][vc_column width=\u00bb1\/2&#8243;][vc_single_image image=\u00bb610&#8243; img_size=\u00bb150&#215;150&#8243; alignment=\u00bbcenter\u00bb][vc_row_inner][vc_column_inner width=\u00bb1\/2&#8243;][vc_btn title=\u00bbACCEDE AL JUEGO\u00bb style=\u00bbflat\u00bb shape=\u00bbsquare\u00bb color=\u00bbwhite\u00bb align=\u00bbcenter\u00bb el_class=\u00bbboton-acceso\u00bb link=\u00bburl:http%3A%2F%2Fwww.emprendeplanet.es||target:%20_blank|\u00bb][\/vc_column_inner][vc_column_inner width=\u00bb1\/2&#8243;][vc_btn title=\u00bbDUDAS SOBRE EL JUEGO\u00bb style=\u00bbflat\u00bb shape=\u00bbsquare\u00bb color=\u00bbwhite\u00bb align=\u00bbcenter\u00bb el_class=\u00bbboton-acceso\u00bb link=\u00bburl:http%3A%2F%2Fwww.tulibrodefp.es%2Fcontacto-emprendeplanet-alumnos%2F||target:%20_blank|\u00bb][\/vc_column_inner][\/vc_row_inner][\/vc_column][vc_column width=\u00bb1\/2&#8243; css=\u00bb.vc_custom_1535127733072{background-color: #8bbfd5 !important;}\u00bb][vc_custom_heading text=\u00bbEMPRENDEPLANET\u00bb font_container=\u00bbtag:h2|font_size:36px|text_align:center|color:%23ffffff\u00bb google_fonts=\u00bbfont_family:Amatic%20SC%3Aregular%2C700|font_style:700%20bold%20regular%3A700%3Anormal\u00bb css=\u00bb.vc_custom_1535127035278{margin-bottom: 35px !important;}\u00bb][vc_column_text css=\u00bb.vc_custom_1539070169386{padding-top: 10px !important;padding-right: 50px !important;padding-bottom: 10px !important;padding-left: 50px !important;}\u00bb]<\/p>\n<p style=\"text-align: center\"><span style=\"color: #ffffff\">El plan de empresa online es ahora EMPRENDEPLANET<\/span><\/p>\n<p style=\"text-align: center;color: #ffffff\">Crea tu propio escenario de empresa, a\u00f1adiendo objetos, conforme vayas completando el plan de empresa.<\/p>\n<p style=\"text-align: center;color: #ffffff\">Para obtener estos objetos utiliza las monedas que te va proporcionando el propio juego conforme completa el plan de empresa, y sobre todo seg\u00fan la valoraci\u00f3n que haga el profesor del plan de empresa.<\/p>\n<p style=\"text-align: center;color: #ffffff\">A m\u00e1s monedas que asigne el profesor, m\u00e1s objetos podr\u00e1s incorporar a su escenario de empresa.<\/p>\n<p>[\/vc_column_text][\/vc_column][\/vc_row]<\/p>","protected":false},"excerpt":{"rendered":"<p>[vc_row full_width=\u00bbstretch_row_content\u00bb equal_height=\u00bbyes\u00bb][vc_column width=\u00bb1\/2&#8243; css=\u00bb.vc_custom_1535111584734{padding-top: 35px !important;}\u00bb][vc_custom_heading text=\u00bbLIBROS M\u00e1s Vendidos\u00bb font_container=\u00bbtag:h2|font_size:36|text_align:center|color:%238bbfd5&#8243; google_fonts=\u00bbfont_family:Amatic%20SC%3Aregular%2C700|font_style:700%20bold%20regular%3A700%3Anormal\u00bb][vc_separator border_width=\u00bb2&#8243; el_width=\u00bb20&#8243;][vc_row_inner][vc_column_inner width=\u00bb1\/4&#8243;][vc_single_image image=\u00bb1018840&#8243; img_size=\u00bbmedium\u00bb alignment=\u00bbcenter\u00bb el_class=\u00bbimagen-libro\u00bb][\/vc_column_inner][vc_column_inner width=\u00bb1\/4&#8243;][vc_column_text] FOLSAB 2023 Libro de texto de Formaci\u00f3n y Orientaci\u00f3n Laboral SB para los ciclos formativos de FP de grado medio y superior. 14\u20ac [\/vc_column_text][\/vc_column_inner][vc_column_inner width=\u00bb1\/4&#8243;][vc_single_image image=\u00bb1018898&#8243; img_size=\u00bbmedium\u00bb alignment=\u00bbcenter\u00bb el_class=\u00bbimagen-libro\u00bb][\/vc_column_inner][vc_column_inner width=\u00bb1\/4&#8243;][vc_column_text] FOL\u00a0 2023 &nbsp; Libro de [&hellip;]<\/p>","protected":false},"author":1,"featured_media":0,"parent":0,"menu_order":0,"comment_status":"closed","ping_status":"closed","template":"","meta":[],"_links":{"self":[{"href":"https:\/\/www.editorialtulibro.es\/tulibrodefp\/wp-json\/wp\/v2\/pages\/456"}],"collection":[{"href":"https:\/\/www.editorialtulibro.es\/tulibrodefp\/wp-json\/wp\/v2\/pages"}],"about":[{"href":"https:\/\/www.editorialtulibro.es\/tulibrodefp\/wp-json\/wp\/v2\/types\/page"}],"author":[{"embeddable":true,"href":"https:\/\/www.editorialtulibro.es\/tulibrodefp\/wp-json\/wp\/v2\/users\/1"}],"replies":[{"embeddable":true,"href":"https:\/\/www.editorialtulibro.es\/tulibrodefp\/wp-json\/wp\/v2\/comments?post=456"}],"version-history":[{"count":0,"href":"https:\/\/www.editorialtulibro.es\/tulibrodefp\/wp-json\/wp\/v2\/pages\/456\/revisions"}],"wp:attachment":[{"href":"https:\/\/www.editorialtulibro.es\/tulibrodefp\/wp-json\/wp\/v2\/media?parent=456"}],"curies":[{"name":"wp","href":"https:\/\/api.w.org\/{rel}","templated":true}]}}